{"id":3683,"date":"2019-10-17T20:34:58","date_gmt":"2019-10-17T23:34:58","guid":{"rendered":"http:\/\/noitedostambores.com\/?page_id=3683"},"modified":"2019-10-30T23:38:16","modified_gmt":"2019-10-31T01:38:16","slug":"como-chegar","status":"publish","type":"page","link":"https:\/\/noitedostambores.com\/?page_id=3683","title":{"rendered":"COMO CHEGAR"},"content":{"rendered":"\t\t<div data-elementor-type=\"wp-post\" data-elementor-id=\"3683\" class=\"elementor elementor-3683\">\n\t\t\t\t\t\t<section class=\"elementor-section elementor-top-section elementor-element elementor-element-f6e4f06 elementor-section-boxed elementor-section-height-default elementor-section-height-default\" data-id=\"f6e4f06\" data-element_type=\"section\">\n\t\t\t\t\t\t<div class=\"elementor-container elementor-column-gap-default\">\n\t\t\t\t\t<div class=\"elementor-column elementor-col-100 elementor-top-column elementor-element elementor-element-4a65e4b\" data-id=\"4a65e4b\" data-element_type=\"column\">\n\t\t\t<div class=\"elementor-widget-wrap elementor-element-populated\">\n\t\t\t\t\t\t<div class=\"elementor-element elementor-element-81f15bb elementor-widget elementor-widget-text-editor\" data-id=\"81f15bb\" data-element_type=\"widget\" data-widget_type=\"text-editor.default\">\n\t\t\t\t<div class=\"elementor-widget-container\">\n\t\t\t\t\t\t\t\t\t<p><strong>Casa de Cultura da M&#8217;boi Mirim<\/strong> &#8211; Avenida In\u00e1cio Dias da Silva, s\/n, Piraporinha<\/p><p><strong>\u00d4nibus:<\/strong><br \/>Da Pra\u00e7a da S\u00e9: 5318-10 (Ch\u00e1cara Santana). Descer na pra\u00e7a da Piraporinha.<br \/>Do Terminal Santo Amaro: 737A-10 (Terminal Jardim \u00c2ngela). Descer na pra\u00e7a da Piraporinha.<br \/>Do Terminal Pinheiros: 637A-10 (Terminal Jardim \u00c2ngela). Descer na pra\u00e7a da Piraporinha.<br \/>Do Terminal Santa Cruz: 675k-10 (Terminal Jardim \u00c2ngela). Descer na pra\u00e7a da Piraporinha.<\/p><p><strong>Metr\u00f4 ou Trem:<\/strong><br \/>Descer na Esta\u00e7\u00e3o Santo Amaro (sa\u00edda da Av. Guido Caloi) e pegar o \u00f4nibus 637A-10 (Terminal Jardim \u00c2ngela). Descer na pra\u00e7a da Piraporinha.<\/p><p><strong>Uber\/99:<\/strong><br \/>Da Esta\u00e7\u00e3o Santo Amaro (sa\u00edda da Av. Guido Caloi) do Metr\u00f4. Valor m\u00e9dio de R$ 12,00.<\/p><p><iframe style=\"border: 0;\" src=\"https:\/\/www.google.com\/maps\/embed?pb=!1m14!1m8!1m3!1d14616.316690934906!2d-46.7422547!3d-23.6731265!3m2!1i1024!2i768!4f13.1!3m3!1m2!1s0x0%3A0x2f9ebeee68e7687!2sCasa%20de%20Cultura%20M'Boi%20Mirim!5e0!3m2!1spt-BR!2sbr!4v1572485304328!5m2!1spt-BR!2sbr\" width=\"600\" height=\"450\" frameborder=\"0\" allowfullscreen=\"allowfullscreen\"><\/iframe><\/p>\t\t\t\t\t\t\t\t<\/div>\n\t\t\t\t<\/div>\n\t\t\t\t\t<\/div>\n\t\t<\/div>\n\t\t\t\t\t<\/div>\n\t\t<\/section>\n\t\t\t\t<\/div>\n\t\t","protected":false},"excerpt":{"rendered":"<p>Casa de Cultura da M&#8217;boi Mirim &#8211; Avenida In\u00e1cio Dias da Silva, s\/n, Piraporinha \u00d4nibus: Da Pra\u00e7a da S\u00e9: 5318-10 (Ch\u00e1cara Santana). Descer na pra\u00e7a da Piraporinha. Do Terminal Santo Amaro: 737A-10 (Terminal Jardim \u00c2ngela). Descer na pra\u00e7a da Piraporinha. Do Terminal Pinheiros: 637A-10 (Terminal Jardim \u00c2ngela). Descer na pra\u00e7a da Piraporinha. Do Terminal Santa&#8230;<\/p>\n","protected":false},"author":1,"featured_media":0,"parent":0,"menu_order":0,"comment_status":"closed","ping_status":"closed","template":"","meta":{"footnotes":""},"class_list":["post-3683","page","type-page","status-publish","hentry"],"_links":{"self":[{"href":"https:\/\/noitedostambores.com\/index.php?rest_route=\/wp\/v2\/pages\/3683","targetHints":{"allow":["GET"]}}],"collection":[{"href":"https:\/\/noitedostambores.com\/index.php?rest_route=\/wp\/v2\/pages"}],"about":[{"href":"https:\/\/noitedostambores.com\/index.php?rest_route=\/wp\/v2\/types\/page"}],"author":[{"embeddable":true,"href":"https:\/\/noitedostambores.com\/index.php?rest_route=\/wp\/v2\/users\/1"}],"replies":[{"embeddable":true,"href":"https:\/\/noitedostambores.com\/index.php?rest_route=%2Fwp%2Fv2%2Fcomments&post=3683"}],"version-history":[{"count":6,"href":"https:\/\/noitedostambores.com\/index.php?rest_route=\/wp\/v2\/pages\/3683\/revisions"}],"predecessor-version":[{"id":3740,"href":"https:\/\/noitedostambores.com\/index.php?rest_route=\/wp\/v2\/pages\/3683\/revisions\/3740"}],"wp:attachment":[{"href":"https:\/\/noitedostambores.com\/index.php?rest_route=%2Fwp%2Fv2%2Fmedia&parent=3683"}],"curies":[{"name":"wp","href":"https:\/\/api.w.org\/{rel}","templated":true}]}}