{"id":2477,"date":"2019-02-25T18:01:19","date_gmt":"2019-02-25T21:01:19","guid":{"rendered":"http:\/\/noitedostambores.com\/novo\/?page_id=2477"},"modified":"2019-07-17T19:01:26","modified_gmt":"2019-07-17T22:01:26","slug":"umoja","status":"publish","type":"page","link":"https:\/\/noitedostambores.com\/?page_id=2477","title":{"rendered":"UMOJA"},"content":{"rendered":"\t\t<div data-elementor-type=\"wp-post\" data-elementor-id=\"2477\" class=\"elementor elementor-2477\">\n\t\t\t\t\t\t<section class=\"elementor-section elementor-top-section elementor-element elementor-element-57e343ed elementor-section-boxed elementor-section-height-default elementor-section-height-default\" data-id=\"57e343ed\" data-element_type=\"section\">\n\t\t\t\t\t\t<div class=\"elementor-container elementor-column-gap-default\">\n\t\t\t\t\t<div class=\"elementor-column elementor-col-100 elementor-top-column elementor-element elementor-element-73bd1d8c\" data-id=\"73bd1d8c\" data-element_type=\"column\">\n\t\t\t<div class=\"elementor-widget-wrap elementor-element-populated\">\n\t\t\t\t\t\t<div class=\"elementor-element elementor-element-6b82029b elementor-widget elementor-widget-text-editor\" data-id=\"6b82029b\" data-element_type=\"widget\" data-widget_type=\"text-editor.default\">\n\t\t\t\t<div class=\"elementor-widget-container\">\n\t\t\t\t\t\t\t\t\t\n<figure class=\"wp-block-image\"><img decoding=\"async\" src=\"blob:http:\/\/noitedostambores.com\/63903307-dc27-43cb-96d1-124ec71e308d\" alt=\"\"\/><\/figure>\n\t\t\t\t\t\t\t\t<\/div>\n\t\t\t\t<\/div>\n\t\t\t\t\t<\/div>\n\t\t<\/div>\n\t\t\t\t\t<\/div>\n\t\t<\/section>\n\t\t\t\t<section class=\"elementor-section elementor-top-section elementor-element elementor-element-939fe98 elementor-section-boxed elementor-section-height-default elementor-section-height-default\" data-id=\"939fe98\" data-element_type=\"section\">\n\t\t\t\t\t\t<div class=\"elementor-container elementor-column-gap-default\">\n\t\t\t\t\t<div class=\"elementor-column elementor-col-100 elementor-top-column elementor-element elementor-element-6e9a384\" data-id=\"6e9a384\" data-element_type=\"column\">\n\t\t\t<div class=\"elementor-widget-wrap elementor-element-populated\">\n\t\t\t\t\t\t<div class=\"elementor-element elementor-element-c882215 elementor-widget elementor-widget-image\" data-id=\"c882215\" data-element_type=\"widget\" data-widget_type=\"image.default\">\n\t\t\t\t<div class=\"elementor-widget-container\">\n\t\t\t\t\t\t\t\t\t\t\t\t\t\t\t<img fetchpriority=\"high\" decoding=\"async\" width=\"1920\" height=\"1281\" src=\"https:\/\/noitedostambores.com\/wp-content\/uploads\/2019\/02\/IMG_3862.jpg\" class=\"attachment-full size-full wp-image-2482\" alt=\"\" srcset=\"https:\/\/noitedostambores.com\/wp-content\/uploads\/2019\/02\/IMG_3862.jpg 1920w, https:\/\/noitedostambores.com\/wp-content\/uploads\/2019\/02\/IMG_3862-300x200.jpg 300w, https:\/\/noitedostambores.com\/wp-content\/uploads\/2019\/02\/IMG_3862-768x512.jpg 768w, https:\/\/noitedostambores.com\/wp-content\/uploads\/2019\/02\/IMG_3862-1024x683.jpg 1024w, https:\/\/noitedostambores.com\/wp-content\/uploads\/2019\/02\/IMG_3862-570x380.jpg 570w, https:\/\/noitedostambores.com\/wp-content\/uploads\/2019\/02\/IMG_3862-600x400.jpg 600w\" sizes=\"(max-width: 1920px) 100vw, 1920px\" \/>\t\t\t\t\t\t\t\t\t\t\t\t\t\t\t<\/div>\n\t\t\t\t<\/div>\n\t\t\t\t\t<\/div>\n\t\t<\/div>\n\t\t\t\t\t<\/div>\n\t\t<\/section>\n\t\t\t\t<section class=\"elementor-section elementor-top-section elementor-element elementor-element-e0920e0 elementor-section-boxed elementor-section-height-default elementor-section-height-default\" data-id=\"e0920e0\" data-element_type=\"section\">\n\t\t\t\t\t\t<div class=\"elementor-container elementor-column-gap-default\">\n\t\t\t\t\t<div class=\"elementor-column elementor-col-100 elementor-top-column elementor-element elementor-element-0578272\" data-id=\"0578272\" data-element_type=\"column\">\n\t\t\t<div class=\"elementor-widget-wrap elementor-element-populated\">\n\t\t\t\t\t\t<div class=\"elementor-element elementor-element-4dc3c60 elementor-widget elementor-widget-text-editor\" data-id=\"4dc3c60\" data-element_type=\"widget\" data-widget_type=\"text-editor.default\">\n\t\t\t\t<div class=\"elementor-widget-container\">\n\t\t\t\t\t\t\t\t\t<p>O grupo surgiu em 2007, a maioria dos integrantes que est\u00e3o hoje j\u00e1 se conheciam de outros trabalhos art\u00edsticos na zona sul.<\/p>\n<p>O Umoja trabalha com diversas linguagens art\u00edsticas, com \u00eanfase nas refer\u00eancias \u00e0s culturas afro-brasileiras e nos seus aspectos h\u00edbridos, dan\u00e7as dram\u00e1ticas populares e musicalidades, cocos, maracatus, sambas de roda, cirandas e afox\u00e9s. Ao todo s\u00e3o 15 integrantes, autodidatas, pesquisadores universit\u00e1rios, atores, bailarinos, m\u00fasicos,<\/p>\n<p>figurinistas, e produtores, com diversas idades identificados com as culturas populares e afro-brasileiras. Umoja na l\u00edngua africana Swahili, falada na costa oeste da \u00c1frica significa UNIDADE.<\/p>\n<p><br \/><br \/><br \/><\/p>\t\t\t\t\t\t\t\t<\/div>\n\t\t\t\t<\/div>\n\t\t\t\t\t<\/div>\n\t\t<\/div>\n\t\t\t\t\t<\/div>\n\t\t<\/section>\n\t\t\t\t<\/div>\n\t\t","protected":false},"excerpt":{"rendered":"<p>O grupo surgiu em 2007, a maioria dos integrantes que est\u00e3o hoje j\u00e1 se conheciam de outros trabalhos art\u00edsticos na zona sul. O Umoja trabalha com diversas linguagens art\u00edsticas, com \u00eanfase nas refer\u00eancias \u00e0s culturas afro-brasileiras e nos seus aspectos h\u00edbridos, dan\u00e7as dram\u00e1ticas populares e musicalidades, cocos, maracatus, sambas de roda, cirandas e afox\u00e9s. Ao&#8230;<\/p>\n","protected":false},"author":1,"featured_media":0,"parent":0,"menu_order":0,"comment_status":"closed","ping_status":"closed","template":"","meta":{"footnotes":""},"class_list":["post-2477","page","type-page","status-publish","hentry"],"_links":{"self":[{"href":"https:\/\/noitedostambores.com\/index.php?rest_route=\/wp\/v2\/pages\/2477","targetHints":{"allow":["GET"]}}],"collection":[{"href":"https:\/\/noitedostambores.com\/index.php?rest_route=\/wp\/v2\/pages"}],"about":[{"href":"https:\/\/noitedostambores.com\/index.php?rest_route=\/wp\/v2\/types\/page"}],"author":[{"embeddable":true,"href":"https:\/\/noitedostambores.com\/index.php?rest_route=\/wp\/v2\/users\/1"}],"replies":[{"embeddable":true,"href":"https:\/\/noitedostambores.com\/index.php?rest_route=%2Fwp%2Fv2%2Fcomments&post=2477"}],"version-history":[{"count":8,"href":"https:\/\/noitedostambores.com\/index.php?rest_route=\/wp\/v2\/pages\/2477\/revisions"}],"predecessor-version":[{"id":3565,"href":"https:\/\/noitedostambores.com\/index.php?rest_route=\/wp\/v2\/pages\/2477\/revisions\/3565"}],"wp:attachment":[{"href":"https:\/\/noitedostambores.com\/index.php?rest_route=%2Fwp%2Fv2%2Fmedia&parent=2477"}],"curies":[{"name":"wp","href":"https:\/\/api.w.org\/{rel}","templated":true}]}}