{"id":1322,"date":"2018-07-10T10:08:29","date_gmt":"2018-07-10T13:08:29","guid":{"rendered":"http:\/\/noitedostambores.com\/novo\/?page_id=1322"},"modified":"2019-07-17T19:00:52","modified_gmt":"2019-07-17T22:00:52","slug":"o-festival","status":"publish","type":"page","link":"https:\/\/noitedostambores.com\/?page_id=1322","title":{"rendered":"O FESTIVAL"},"content":{"rendered":"\t\t<div data-elementor-type=\"wp-post\" data-elementor-id=\"1322\" class=\"elementor elementor-1322\">\n\t\t\t\t\t\t<section class=\"elementor-section elementor-top-section elementor-element elementor-element-24300c1 elementor-section-boxed elementor-section-height-default elementor-section-height-default\" data-id=\"24300c1\" data-element_type=\"section\">\n\t\t\t\t\t\t<div class=\"elementor-container elementor-column-gap-default\">\n\t\t\t\t\t<div class=\"elementor-column elementor-col-100 elementor-top-column elementor-element elementor-element-8941344\" data-id=\"8941344\" data-element_type=\"column\">\n\t\t\t<div class=\"elementor-widget-wrap elementor-element-populated\">\n\t\t\t\t\t\t<div class=\"elementor-element elementor-element-bee771a elementor-widget elementor-widget-image\" data-id=\"bee771a\" data-element_type=\"widget\" data-widget_type=\"image.default\">\n\t\t\t\t<div class=\"elementor-widget-container\">\n\t\t\t\t\t\t\t\t\t\t\t\t\t\t\t<img fetchpriority=\"high\" decoding=\"async\" width=\"1920\" height=\"1281\" src=\"https:\/\/noitedostambores.com\/wp-content\/uploads\/2019\/02\/IMG_4635.jpg\" class=\"attachment-full size-full wp-image-2474\" alt=\"\" srcset=\"https:\/\/noitedostambores.com\/wp-content\/uploads\/2019\/02\/IMG_4635.jpg 1920w, https:\/\/noitedostambores.com\/wp-content\/uploads\/2019\/02\/IMG_4635-300x200.jpg 300w, https:\/\/noitedostambores.com\/wp-content\/uploads\/2019\/02\/IMG_4635-768x512.jpg 768w, https:\/\/noitedostambores.com\/wp-content\/uploads\/2019\/02\/IMG_4635-1024x683.jpg 1024w, https:\/\/noitedostambores.com\/wp-content\/uploads\/2019\/02\/IMG_4635-570x380.jpg 570w, https:\/\/noitedostambores.com\/wp-content\/uploads\/2019\/02\/IMG_4635-600x400.jpg 600w\" sizes=\"(max-width: 1920px) 100vw, 1920px\" \/>\t\t\t\t\t\t\t\t\t\t\t\t\t\t\t<\/div>\n\t\t\t\t<\/div>\n\t\t\t\t\t<\/div>\n\t\t<\/div>\n\t\t\t\t\t<\/div>\n\t\t<\/section>\n\t\t\t\t<section class=\"elementor-section elementor-top-section elementor-element elementor-element-3aa5c2f elementor-section-boxed elementor-section-height-default elementor-section-height-default\" data-id=\"3aa5c2f\" data-element_type=\"section\">\n\t\t\t\t\t\t<div class=\"elementor-container elementor-column-gap-default\">\n\t\t\t\t\t<div class=\"elementor-column elementor-col-100 elementor-top-column elementor-element elementor-element-23a6bc7\" data-id=\"23a6bc7\" data-element_type=\"column\">\n\t\t\t<div class=\"elementor-widget-wrap elementor-element-populated\">\n\t\t\t\t\t\t<div class=\"elementor-element elementor-element-4a44f81 elementor-widget elementor-widget-text-editor\" data-id=\"4a44f81\" data-element_type=\"widget\" data-widget_type=\"text-editor.default\">\n\t\t\t\t<div class=\"elementor-widget-container\">\n\t\t\t\t\t\t\t\t\t<p align=\"justify\">A Noite do Tambores \u00e9 a presen\u00e7a a resist\u00eancia e a mem\u00f3ria afrodiasp\u00f3rica no Brasil.<\/p><p align=\"justify\">O Projeto realizara na periferia de S\u00e3o Paulo em 2019, um Festival de M\u00fasica Instrumental Percussiva que reunir\u00e1 uma mostra da diversidade r\u00edtmica de v\u00e1rias matrizes, atrav\u00e9s de apresenta\u00e7\u00f5es musicais, exposi\u00e7\u00f5es, palestras e oficinas.<\/p><p align=\"justify\">Desde a primeira realiza\u00e7\u00e3o (em 2011) at\u00e9 sua 7a edi\u00e7\u00e3o, a Noite dos Tambores aglutina pesquisadores, m\u00fasicos e construtores de instrumentos com a inten\u00e7\u00e3o de apresentar uma mostra cultural diversa e significativa, a partir de uma abordagem global, Hist\u00f3rica, Antropol\u00f3gica, Terap\u00eautica, Educacional e Criativa.<\/p>\t\t\t\t\t\t\t\t<\/div>\n\t\t\t\t<\/div>\n\t\t\t\t\t<\/div>\n\t\t<\/div>\n\t\t\t\t\t<\/div>\n\t\t<\/section>\n\t\t\t\t<\/div>\n\t\t","protected":false},"excerpt":{"rendered":"<p>A Noite do Tambores \u00e9 a presen\u00e7a a resist\u00eancia e a mem\u00f3ria afrodiasp\u00f3rica no Brasil. O Projeto realizara na periferia de S\u00e3o Paulo em 2019, um Festival de M\u00fasica Instrumental Percussiva que reunir\u00e1 uma mostra da diversidade r\u00edtmica de v\u00e1rias matrizes, atrav\u00e9s de apresenta\u00e7\u00f5es musicais, exposi\u00e7\u00f5es, palestras e oficinas. Desde a primeira realiza\u00e7\u00e3o (em 2011)&#8230;<\/p>\n","protected":false},"author":1,"featured_media":0,"parent":0,"menu_order":0,"comment_status":"closed","ping_status":"closed","template":"","meta":{"footnotes":""},"class_list":["post-1322","page","type-page","status-publish","hentry"],"_links":{"self":[{"href":"https:\/\/noitedostambores.com\/index.php?rest_route=\/wp\/v2\/pages\/1322","targetHints":{"allow":["GET"]}}],"collection":[{"href":"https:\/\/noitedostambores.com\/index.php?rest_route=\/wp\/v2\/pages"}],"about":[{"href":"https:\/\/noitedostambores.com\/index.php?rest_route=\/wp\/v2\/types\/page"}],"author":[{"embeddable":true,"href":"https:\/\/noitedostambores.com\/index.php?rest_route=\/wp\/v2\/users\/1"}],"replies":[{"embeddable":true,"href":"https:\/\/noitedostambores.com\/index.php?rest_route=%2Fwp%2Fv2%2Fcomments&post=1322"}],"version-history":[{"count":6,"href":"https:\/\/noitedostambores.com\/index.php?rest_route=\/wp\/v2\/pages\/1322\/revisions"}],"predecessor-version":[{"id":3563,"href":"https:\/\/noitedostambores.com\/index.php?rest_route=\/wp\/v2\/pages\/1322\/revisions\/3563"}],"wp:attachment":[{"href":"https:\/\/noitedostambores.com\/index.php?rest_route=%2Fwp%2Fv2%2Fmedia&parent=1322"}],"curies":[{"name":"wp","href":"https:\/\/api.w.org\/{rel}","templated":true}]}}