{"id":1247,"date":"2018-07-03T07:05:08","date_gmt":"2018-07-03T07:05:08","guid":{"rendered":"http:\/\/noitedostambores.com\/novo\/?page_id=1247"},"modified":"2023-11-27T16:45:02","modified_gmt":"2023-11-27T19:45:02","slug":"home1","status":"publish","type":"page","link":"https:\/\/noitedostambores.com\/","title":{"rendered":"Home 1"},"content":{"rendered":"\t\t<div data-elementor-type=\"wp-post\" data-elementor-id=\"1247\" class=\"elementor elementor-1247\">\n\t\t\t\t\t\t<div class=\"elementor-section elementor-top-section elementor-element elementor-element-4a05c06c elementor-section-stretched elementor-section-full_width elementor-section-height-default elementor-section-height-default\" data-id=\"4a05c06c\" data-element_type=\"section\" data-settings=\"{&quot;stretch_section&quot;:&quot;section-stretched&quot;}\">\n\t\t\t\t\t\t<div class=\"elementor-container elementor-column-gap-no\">\n\t\t\t\t\t<div class=\"elementor-column elementor-col-100 elementor-top-column elementor-element elementor-element-c3817f5\" data-id=\"c3817f5\" data-element_type=\"column\">\n\t\t\t<div class=\"elementor-widget-wrap elementor-element-populated\">\n\t\t\t\t\t\t<div class=\"elementor-element elementor-element-60b5f75 elementor-widget elementor-widget-wp-widget-layerslider_widget\" data-id=\"60b5f75\" data-element_type=\"widget\" data-widget_type=\"wp-widget-layerslider_widget.default\">\n\t\t\t\t<div class=\"elementor-widget-container\">\n\t\t\t\t\t<div class=\"widget single-sidebar padding-bottom1\"><script type=\"text\/javascript\">var lsjQuery = jQuery;lsjQuery(document).ready(function() {\r\nif(typeof lsjQuery.fn.layerSlider == \"undefined\") {\r\nif( window._layerSlider && window._layerSlider.showNotice) { \r\nwindow._layerSlider.showNotice('layerslider_8','jquery');\r\n}\r\n} else {\r\nlsjQuery(\"#layerslider_8\").layerSlider({createdWith: '6.7.6', sliderVersion: '6.7.6', type: 'fullwidth', skin: 'v6', navStartStop: false, navButtons: false, showCircleTimer: false, skinsPath: 'https:\/\/noitedostambores.com\/wp-content\/plugins\/LayerSlider\/static\/layerslider\/skins\/'});\r\n}\r\n});\r\n<\/script><div id=\"layerslider_8\" class=\"ls-wp-container fitvidsignore\" style=\"width:1230px;height:931px;margin:0 auto;margin-bottom: 0px;\"><div class=\"ls-slide\" data-ls=\"duration:10000;timeshift:-1000;kenburnsscale:1.2;\"><img decoding=\"async\" src=\"http:\/\/noitedostambores.com\/wp-content\/uploads\/2023\/11\/Background-site-_-1920x1080-_02.png\" class=\"ls-bg\" alt=\"Slide background\" \/><\/div><div class=\"ls-slide\" data-ls=\"duration:10000;timeshift:-1000;kenburnsscale:1.2;\"><img decoding=\"async\" src=\"http:\/\/noitedostambores.com\/wp-content\/uploads\/2023\/11\/Background-site-_-1920x1080-_01.png\" class=\"ls-bg\" alt=\"Slide background\" \/><\/div><\/div><\/div>\t\t\t\t<\/div>\n\t\t\t\t<\/div>\n\t\t\t\t\t<\/div>\n\t\t<\/div>\n\t\t\t\t\t<\/div>\n\t\t<\/div>\n\t\t\t\t<div class=\"elementor-section elementor-top-section elementor-element elementor-element-2a5ad96 elementor-section-boxed elementor-section-height-default elementor-section-height-default\" data-id=\"2a5ad96\" data-element_type=\"section\">\n\t\t\t\t\t\t<div class=\"elementor-container elementor-column-gap-default\">\n\t\t\t\t\t<div class=\"elementor-column elementor-col-100 elementor-top-column elementor-element elementor-element-76f9a1b4\" data-id=\"76f9a1b4\" data-element_type=\"column\">\n\t\t\t<div class=\"elementor-widget-wrap elementor-element-populated\">\n\t\t\t\t\t\t<div class=\"elementor-element elementor-element-b4aba7b elementor-widget elementor-widget-rt-text-with-title\" data-id=\"b4aba7b\" data-element_type=\"widget\" data-widget_type=\"rt-text-with-title.default\">\n\t\t\t\t<div class=\"elementor-widget-container\">\n\t\t\t\t\t<div class=\"rt-el-twt-1 rtin-light\">\n\t\t<div class=\"rtin-content\"><div class=\"about-layout1\"><p><img decoding=\"async\" class=\"alignnone size-full wp-image-2457\" src=\"http:\/\/noitedostambores.com\/wp-content\/uploads\/2019\/02\/logo_mobile.png\" alt=\"\" width=\"209\" height=\"216\" \/><\/p><p align=\"justify\"><span style=\"font-weight: 400\">Em 2023, retomamos nosso festival! A Noite do Tambores ultrapassa sua primeira d\u00e9cada, afirmando que \u00e9 no territ\u00f3rio da zona sul de S\u00e3o Paulo, seu umbigo de origem e de encontro com as musicalidades pretas e a mem\u00f3ria afrodiasp\u00f3rica. Com grupos vindos de diferentes locais reafirmamos nosso toque na for\u00e7a do encontro, das ancestralidades e da vida como pot\u00eancia criativa.<\/span><\/p><\/div><\/div>\n\t<\/div>\n\t\t\t\t<\/div>\n\t\t\t\t<\/div>\n\t\t\t\t\t<\/div>\n\t\t<\/div>\n\t\t\t\t\t<\/div>\n\t\t<\/div>\n\t\t\t\t<div class=\"elementor-section elementor-top-section elementor-element elementor-element-9d95030 elementor-section-full_width elementor-section-height-default elementor-section-height-default\" data-id=\"9d95030\" data-element_type=\"section\">\n\t\t\t\t\t\t<div class=\"elementor-container elementor-column-gap-default\">\n\t\t\t\t\t<div class=\"elementor-column elementor-col-100 elementor-top-column elementor-element elementor-element-5e9b9196\" data-id=\"5e9b9196\" data-element_type=\"column\">\n\t\t\t<div class=\"elementor-widget-wrap elementor-element-populated\">\n\t\t\t\t\t\t<div class=\"elementor-element elementor-element-6fe5f4b elementor-widget elementor-widget-heading\" data-id=\"6fe5f4b\" data-element_type=\"widget\" data-widget_type=\"heading.default\">\n\t\t\t\t<div class=\"elementor-widget-container\">\n\t\t\t\t\t<h3 class=\"elementor-heading-title elementor-size-default\">Pr\u00f3ximas atividades<\/h3>\t\t\t\t<\/div>\n\t\t\t\t<\/div>\n\t\t\t\t<div class=\"elementor-element elementor-element-2b2284e elementor-widget elementor-widget-rt-multiple-event\" data-id=\"2b2284e\" data-element_type=\"widget\" data-widget_type=\"rt-multiple-event.default\">\n\t\t\t\t<div class=\"elementor-widget-container\">\n\t\t\t\t\t<div class=\"schedule-layout-wrp\">      \n    <div class=\"rt-el-schedule-slider owl-wrap rt-owl-nav rt-owl-dot\">\n            <div class=\"schedule-slider rt-owl-carousel owl-carousel owl-theme\" data-carousel-options=\"{&quot;nav&quot;:true,&quot;dots&quot;:false,&quot;navText&quot;:[&quot;&lt;i class=&#039;fa fa-angle-left&#039;&gt;&lt;\\\/i&gt;&quot;,&quot;&lt;i class=&#039;fa fa-angle-right&#039;&gt;&lt;\\\/i&gt;&quot;],&quot;autoplay&quot;:true,&quot;autoplayTimeout&quot;:&quot;5000&quot;,&quot;autoplaySpeed&quot;:200,&quot;autoplayHoverPause&quot;:true,&quot;loop&quot;:true,&quot;margin&quot;:0,&quot;autoHeight&quot;:true,&quot;responsive&quot;:{&quot;0&quot;:{&quot;items&quot;:1},&quot;480&quot;:{&quot;items&quot;:1},&quot;768&quot;:{&quot;items&quot;:1},&quot;992&quot;:{&quot;items&quot;:1}}}\">\n    \n                                         \n        <div class=\"item-event\">             \n             \n                                            <div class=\"schedule-slider-item margin-b-20\">\n                                <div class=\"table-responsive\">\n                                <table class=\"table table-striped schedule-layout1\">\n                                    <tbody class=\"menu-list\">\n                                                                                <tr class=\"menu-item\">\n                                            <th class=\"event-color\" style=\"background-color: #c73300\">\n\n                                              \n                                                    <div class=\"day-number\">Dia<\/div>\n                                                                                        \n                                              <div class=\"schedule-date\">02\/12\/23<\/div>\n                                            <\/th>\n                                            <td>\n                                                <h3 class=\"schedule-title\">\n                                                    <a href=\"https:\/\/noitedostambores.com\/?eventalk_event=quilombo-coco-novo-conde-pb\">Coco de Roda Novo Quilombo - Conde\/PB<\/a>\n                                                <\/h3>\n                                            <\/td>\n                                            <td>\n                                                <div class=\"schedule-time\">\n                                                    <i class=\"fa fa-clock-o\" aria-hidden=\"true\"><\/i>\n                                                    15h00 - 16h00                                                <\/div>\n                                            <\/td>\n                                              \n\n                                                <td>                               \n                                                 \n                                                                              \n                                   \n                                            <\/td>\n\n\n\n\n                                        <\/tr>\n                                                                    <\/tbody>\n                            <\/table>\n                        <\/div>\n                        <\/div>\n                                <\/div>            \n                                             \n        <div class=\"item-event\">             \n             \n                                            <div class=\"schedule-slider-item margin-b-20\">\n                                <div class=\"table-responsive\">\n                                <table class=\"table table-striped schedule-layout1\">\n                                    <tbody class=\"menu-list\">\n                                                                                <tr class=\"menu-item\">\n                                            <th class=\"event-color\" style=\"background-color: #c73300\">\n\n                                              \n                                                    <div class=\"day-number\">Dia<\/div>\n                                                                                        \n                                              <div class=\"schedule-date\">02\/12\/23<\/div>\n                                            <\/th>\n                                            <td>\n                                                <h3 class=\"schedule-title\">\n                                                    <a href=\"https:\/\/noitedostambores.com\/?eventalk_event=noite-dos-tambores-2023\">Noite dos Tambores 2023<\/a>\n                                                <\/h3>\n                                            <\/td>\n                                            <td>\n                                                <div class=\"schedule-time\">\n                                                    <i class=\"fa fa-clock-o\" aria-hidden=\"true\"><\/i>\n                                                    20h00 - 5h00                                                <\/div>\n                                            <\/td>\n                                              \n\n                                                <td>                               \n                                                 \n                                                                              \n                                   \n                                            <\/td>\n\n\n\n\n                                        <\/tr>\n                                                                    <\/tbody>\n                            <\/table>\n                        <\/div>\n                        <\/div>\n                                <\/div>            \n                       \n            \n            <\/div>\n<\/div>\n <div class=\"row event-social-wrp\">\n                             \n            <\/div> \n<\/div>\n    \t\t\t\t<\/div>\n\t\t\t\t<\/div>\n\t\t\t\t\t<\/div>\n\t\t<\/div>\n\t\t\t\t\t<\/div>\n\t\t<\/div>\n\t\t\t\t<\/div>\n\t\t","protected":false},"excerpt":{"rendered":"<p>Em 2023, retomamos nosso festival! A Noite do Tambores ultrapassa sua primeira d\u00e9cada, afirmando que \u00e9 no territ\u00f3rio da zona sul de S\u00e3o Paulo, seu umbigo de origem e de encontro com as musicalidades pretas e a mem\u00f3ria afrodiasp\u00f3rica. Com grupos vindos de diferentes locais reafirmamos nosso toque na for\u00e7a do encontro, das ancestralidades e&#8230;<\/p>\n","protected":false},"author":1,"featured_media":0,"parent":0,"menu_order":0,"comment_status":"closed","ping_status":"closed","template":"","meta":{"footnotes":""},"class_list":["post-1247","page","type-page","status-publish","hentry"],"_links":{"self":[{"href":"https:\/\/noitedostambores.com\/index.php?rest_route=\/wp\/v2\/pages\/1247","targetHints":{"allow":["GET"]}}],"collection":[{"href":"https:\/\/noitedostambores.com\/index.php?rest_route=\/wp\/v2\/pages"}],"about":[{"href":"https:\/\/noitedostambores.com\/index.php?rest_route=\/wp\/v2\/types\/page"}],"author":[{"embeddable":true,"href":"https:\/\/noitedostambores.com\/index.php?rest_route=\/wp\/v2\/users\/1"}],"replies":[{"embeddable":true,"href":"https:\/\/noitedostambores.com\/index.php?rest_route=%2Fwp%2Fv2%2Fcomments&post=1247"}],"version-history":[{"count":48,"href":"https:\/\/noitedostambores.com\/index.php?rest_route=\/wp\/v2\/pages\/1247\/revisions"}],"predecessor-version":[{"id":4165,"href":"https:\/\/noitedostambores.com\/index.php?rest_route=\/wp\/v2\/pages\/1247\/revisions\/4165"}],"wp:attachment":[{"href":"https:\/\/noitedostambores.com\/index.php?rest_route=%2Fwp%2Fv2%2Fmedia&parent=1247"}],"curies":[{"name":"wp","href":"https:\/\/api.w.org\/{rel}","templated":true}]}}